{"id":36994,"date":"2024-05-09T14:47:17","date_gmt":"2024-05-09T13:47:17","guid":{"rendered":"https:\/\/worldmsday.org\/?page_id=36994"},"modified":"2024-05-30T09:17:52","modified_gmt":"2024-05-30T08:17:52","slug":"datos-sobre-el-diagnostico-de-la-em","status":"publish","type":"page","link":"https:\/\/worldmsday.org\/es\/datos-sobre-el-diagnostico-de-la-em\/","title":{"rendered":"Datos sobre el diagn\u00f3stico de la EM"},"content":{"rendered":"<div class=\"hero hero--left\">\n    <div class=\"hero__inner\">\n        <div class=\"hero__content\">\n            <h2>Datos sobre el diagn\u00f3stico de la EM<\/h2>\n                    <\/div>\n                    <div class=\"hero__media\">\n                <img loading=\"lazy\" decoding=\"async\" width=\"566\" height=\"600\" src=\"https:\/\/worldmsday.org\/wp-content\/themes\/worldmsday\/assets\/images\/placeholder.svg\" class=\"attachment-large size-large lazyload\" alt=\"\" sizes=\"auto, (max-width: 566px) 100vw, 566px\" data-src=\"https:\/\/worldmsday.org\/wp-content\/uploads\/2024\/03\/Web_Hero-150dpi-join-conversation-566x600.png\" data-srcset=\"https:\/\/worldmsday.org\/wp-content\/uploads\/2024\/03\/Web_Hero-150dpi-join-conversation-566x600.png 566w, https:\/\/worldmsday.org\/wp-content\/uploads\/2024\/03\/Web_Hero-150dpi-join-conversation-768x814.png 768w, https:\/\/worldmsday.org\/wp-content\/uploads\/2024\/03\/Web_Hero-150dpi-join-conversation.png 1042w\"><noscript><img loading=\"lazy\" decoding=\"async\" width=\"566\" height=\"600\" src=\"https:\/\/worldmsday.org\/wp-content\/uploads\/2024\/03\/Web_Hero-150dpi-join-conversation-566x600.png\" class=\"attachment-large size-large lazyload\" alt=\"\" sizes=\"auto, (max-width: 566px) 100vw, 566px\" srcset=\"https:\/\/worldmsday.org\/wp-content\/uploads\/2024\/03\/Web_Hero-150dpi-join-conversation-566x600.png 566w, https:\/\/worldmsday.org\/wp-content\/uploads\/2024\/03\/Web_Hero-150dpi-join-conversation-768x814.png 768w, https:\/\/worldmsday.org\/wp-content\/uploads\/2024\/03\/Web_Hero-150dpi-join-conversation.png 1042w\"><\/noscript>            <\/div>\n            <\/div>\n<\/div>\n\n<div class=\"wysiwyg__content--skinny\">\n<h2 class=\"wp-block-heading\">Es vital un diagn\u00f3stico precoz<\/h2>\n<\/div>\n\n<div class=\"wysiwyg__content--skinny\">\n<p>Un diagn\u00f3stico precoz es vital para iniciar un tratamiento temprano con terapias modificadoras de la enfermedad, las cuales pueden reducir las reca\u00eddas y disminuir la discapacidad futura. Adem\u00e1s, el diagn\u00f3stico precoz permite implementar cambios en el estilo de vida que ayudan a controlar la EM y mejorar la calidad de vida.<\/p>\n<\/div>\n\n<div class=\"wysiwyg__content--skinny\">\n<h2 class=\"wp-block-heading\">Cada 5 minutos<\/h2>\n<\/div>\n\n<div class=\"wysiwyg__content--skinny\">\n<p>Cada 5 minutos, en alg\u00fan lugar del mundo, alguien recibe un diagn\u00f3stico de esclerosis m\u00faltiple.<\/p>\n<\/div>\n\n<div class=\"wysiwyg__content--skinny\">\n<h2 class=\"wp-block-heading\">30\u00a0000 ni\u00f1os<\/h2>\n<\/div>\n\n<div class=\"wysiwyg__content--skinny\">\n<p>La esclerosis m\u00faltiple afecta tanto a ni\u00f1os y adultos, con al menos 30\u00a0000 menores de 18 a\u00f1os viviendo con esta enfermedad.<\/p>\n<\/div>\n\n<div class=\"wysiwyg__content--skinny\">\n<h2 class=\"wp-block-heading\">2,8 millones de personas<\/h2>\n<\/div>\n\n<div class=\"wysiwyg__content--skinny\">\n<p>M\u00e1s de 2,8 millones de personas en todo el mundo viven con EM.<\/p>\n<\/div>\n\n<div class=\"wysiwyg__content--skinny\">\n<h2 class=\"wp-block-heading\">El doble de las personas con EM son mujeres<\/h2>\n<\/div>\n\n<div class=\"wysiwyg__content--skinny\">\n<p>Hay al menos el doble de mujeres (69\u00a0%) que hombres (31\u00a0%) afectados por la EM.<\/p>\n<\/div>\n\n<div class=\"wysiwyg__content--skinny\">\n<h2 class=\"wp-block-heading\">No existe una prueba sencilla<\/h2>\n<\/div>\n\n<div class=\"wysiwyg__content--skinny\">\n<p>Los neur\u00f3logos suelen utilizar m\u00faltiples pruebas para descartar otras causas de los s\u00edntomas antes de confirmar un diagn\u00f3stico de EM.<\/p>\n<\/div>\n\n<div class=\"wysiwyg__content--skinny\">\n<h2 class=\"wp-block-heading\">83\u00a0% de pa\u00edses<\/h2>\n<\/div>\n\n<div class=\"wysiwyg__content--skinny\">\n<p>En el 83\u00a0% de los pa\u00edses del mundo, existen barreras que dificultan un diagn\u00f3stico precoz de la EM.<\/p>\n<\/div>","protected":false},"excerpt":{"rendered":"<p>Es vital un diagn\u00f3stico precoz Un diagn\u00f3stico precoz es vital para iniciar un tratamiento temprano con terapias modificadoras de la enfermedad, las cuales pueden reducir las reca\u00eddas y disminuir la discapacidad futura. Adem\u00e1s, el diagn\u00f3stico precoz permite implementar cambios en el estilo de vida que ayudan a controlar la EM y mejorar la calidad de [&hellip;]<\/p>\n","protected":false},"author":40,"featured_media":0,"parent":0,"menu_order":0,"comment_status":"closed","ping_status":"closed","template":"","meta":{"_acf_changed":true,"footnotes":""},"class_list":["post-36994","page","type-page","status-publish","hentry"],"acf":[],"yoast_head":"<!-- This site is optimized with the Yoast SEO plugin v27.4 - https:\/\/yoast.com\/product\/yoast-seo-wordpress\/ -->\n<title>Datos sobre el diagn\u00f3stico de la EM - D\u00eda Mundial de la EM<\/title>\n<meta name=\"robots\" content=\"index, follow, max-snippet:-1, max-image-preview:large, max-video-preview:-1\" \/>\n<link rel=\"canonical\" href=\"https:\/\/worldmsday.org\/es\/datos-sobre-el-diagnostico-de-la-em\/\" \/>\n<meta property=\"og:locale\" content=\"es_ES\" \/>\n<meta property=\"og:type\" content=\"article\" \/>\n<meta property=\"og:title\" content=\"Datos sobre el diagn\u00f3stico de la EM - D\u00eda Mundial de la EM\" \/>\n<meta property=\"og:description\" content=\"Es vital un diagn\u00f3stico precoz Un diagn\u00f3stico precoz es vital para iniciar un tratamiento temprano con terapias modificadoras de la enfermedad, las cuales pueden reducir las reca\u00eddas y disminuir la discapacidad futura. Adem\u00e1s, el diagn\u00f3stico precoz permite implementar cambios en el estilo de vida que ayudan a controlar la EM y mejorar la calidad de [&hellip;]\" \/>\n<meta property=\"og:url\" content=\"https:\/\/worldmsday.org\/es\/datos-sobre-el-diagnostico-de-la-em\/\" \/>\n<meta property=\"og:site_name\" content=\"D\u00eda Mundial de la EM\" \/>\n<meta property=\"article:publisher\" content=\"https:\/\/www.facebook.com\/worldmsday\" \/>\n<meta property=\"article:modified_time\" content=\"2024-05-30T08:17:52+00:00\" \/>\n<meta name=\"twitter:card\" content=\"summary_large_image\" \/>\n<meta name=\"twitter:site\" content=\"@WorldMSDay\" \/>\n<meta name=\"twitter:label1\" content=\"Tiempo de lectura\" \/>\n\t<meta name=\"twitter:data1\" content=\"1 minuto\" \/>\n<script type=\"application\/ld+json\" class=\"yoast-schema-graph\">{\"@context\":\"https:\\\/\\\/schema.org\",\"@graph\":[{\"@type\":\"WebPage\",\"@id\":\"https:\\\/\\\/worldmsday.org\\\/es\\\/datos-sobre-el-diagnostico-de-la-em\\\/\",\"url\":\"https:\\\/\\\/worldmsday.org\\\/es\\\/datos-sobre-el-diagnostico-de-la-em\\\/\",\"name\":\"Datos sobre el diagn\u00f3stico de la EM - D\u00eda Mundial de la EM\",\"isPartOf\":{\"@id\":\"https:\\\/\\\/worldmsday.org\\\/#website\"},\"datePublished\":\"2024-05-09T13:47:17+00:00\",\"dateModified\":\"2024-05-30T08:17:52+00:00\",\"breadcrumb\":{\"@id\":\"https:\\\/\\\/worldmsday.org\\\/es\\\/datos-sobre-el-diagnostico-de-la-em\\\/#breadcrumb\"},\"inLanguage\":\"es\",\"potentialAction\":[{\"@type\":\"ReadAction\",\"target\":[\"https:\\\/\\\/worldmsday.org\\\/es\\\/datos-sobre-el-diagnostico-de-la-em\\\/\"]}]},{\"@type\":\"BreadcrumbList\",\"@id\":\"https:\\\/\\\/worldmsday.org\\\/es\\\/datos-sobre-el-diagnostico-de-la-em\\\/#breadcrumb\",\"itemListElement\":[{\"@type\":\"ListItem\",\"position\":1,\"name\":\"Home\",\"item\":\"https:\\\/\\\/worldmsday.org\\\/es\\\/\"},{\"@type\":\"ListItem\",\"position\":2,\"name\":\"Datos sobre el diagn\u00f3stico de la EM\"}]},{\"@type\":\"WebSite\",\"@id\":\"https:\\\/\\\/worldmsday.org\\\/#website\",\"url\":\"https:\\\/\\\/worldmsday.org\\\/\",\"name\":\"D\u00eda Mundial de la EM\",\"description\":\"30 de mayo de 2020\",\"potentialAction\":[{\"@type\":\"SearchAction\",\"target\":{\"@type\":\"EntryPoint\",\"urlTemplate\":\"https:\\\/\\\/worldmsday.org\\\/?s={search_term_string}\"},\"query-input\":{\"@type\":\"PropertyValueSpecification\",\"valueRequired\":true,\"valueName\":\"search_term_string\"}}],\"inLanguage\":\"es\"}]}<\/script>\n<!-- \/ Yoast SEO plugin. -->","yoast_head_json":{"title":"Datos sobre el diagn\u00f3stico de la EM - D\u00eda Mundial de la EM","robots":{"index":"index","follow":"follow","max-snippet":"max-snippet:-1","max-image-preview":"max-image-preview:large","max-video-preview":"max-video-preview:-1"},"canonical":"https:\/\/worldmsday.org\/es\/datos-sobre-el-diagnostico-de-la-em\/","og_locale":"es_ES","og_type":"article","og_title":"Datos sobre el diagn\u00f3stico de la EM - D\u00eda Mundial de la EM","og_description":"Es vital un diagn\u00f3stico precoz Un diagn\u00f3stico precoz es vital para iniciar un tratamiento temprano con terapias modificadoras de la enfermedad, las cuales pueden reducir las reca\u00eddas y disminuir la discapacidad futura. Adem\u00e1s, el diagn\u00f3stico precoz permite implementar cambios en el estilo de vida que ayudan a controlar la EM y mejorar la calidad de [&hellip;]","og_url":"https:\/\/worldmsday.org\/es\/datos-sobre-el-diagnostico-de-la-em\/","og_site_name":"D\u00eda Mundial de la EM","article_publisher":"https:\/\/www.facebook.com\/worldmsday","article_modified_time":"2024-05-30T08:17:52+00:00","twitter_card":"summary_large_image","twitter_site":"@WorldMSDay","twitter_misc":{"Tiempo de lectura":"1 minuto"},"schema":{"@context":"https:\/\/schema.org","@graph":[{"@type":"WebPage","@id":"https:\/\/worldmsday.org\/es\/datos-sobre-el-diagnostico-de-la-em\/","url":"https:\/\/worldmsday.org\/es\/datos-sobre-el-diagnostico-de-la-em\/","name":"Datos sobre el diagn\u00f3stico de la EM - D\u00eda Mundial de la EM","isPartOf":{"@id":"https:\/\/worldmsday.org\/#website"},"datePublished":"2024-05-09T13:47:17+00:00","dateModified":"2024-05-30T08:17:52+00:00","breadcrumb":{"@id":"https:\/\/worldmsday.org\/es\/datos-sobre-el-diagnostico-de-la-em\/#breadcrumb"},"inLanguage":"es","potentialAction":[{"@type":"ReadAction","target":["https:\/\/worldmsday.org\/es\/datos-sobre-el-diagnostico-de-la-em\/"]}]},{"@type":"BreadcrumbList","@id":"https:\/\/worldmsday.org\/es\/datos-sobre-el-diagnostico-de-la-em\/#breadcrumb","itemListElement":[{"@type":"ListItem","position":1,"name":"Home","item":"https:\/\/worldmsday.org\/es\/"},{"@type":"ListItem","position":2,"name":"Datos sobre el diagn\u00f3stico de la EM"}]},{"@type":"WebSite","@id":"https:\/\/worldmsday.org\/#website","url":"https:\/\/worldmsday.org\/","name":"D\u00eda Mundial de la EM","description":"30 de mayo de 2020","potentialAction":[{"@type":"SearchAction","target":{"@type":"EntryPoint","urlTemplate":"https:\/\/worldmsday.org\/?s={search_term_string}"},"query-input":{"@type":"PropertyValueSpecification","valueRequired":true,"valueName":"search_term_string"}}],"inLanguage":"es"}]}},"_links":{"self":[{"href":"https:\/\/worldmsday.org\/es\/wp-json\/wp\/v2\/pages\/36994","targetHints":{"allow":["GET"]}}],"collection":[{"href":"https:\/\/worldmsday.org\/es\/wp-json\/wp\/v2\/pages"}],"about":[{"href":"https:\/\/worldmsday.org\/es\/wp-json\/wp\/v2\/types\/page"}],"author":[{"embeddable":true,"href":"https:\/\/worldmsday.org\/es\/wp-json\/wp\/v2\/users\/40"}],"replies":[{"embeddable":true,"href":"https:\/\/worldmsday.org\/es\/wp-json\/wp\/v2\/comments?post=36994"}],"version-history":[{"count":0,"href":"https:\/\/worldmsday.org\/es\/wp-json\/wp\/v2\/pages\/36994\/revisions"}],"wp:attachment":[{"href":"https:\/\/worldmsday.org\/es\/wp-json\/wp\/v2\/media?parent=36994"}],"curies":[{"name":"wp","href":"https:\/\/api.w.org\/{rel}","templated":true}]}}