{"id":31923,"date":"2023-02-22T15:56:20","date_gmt":"2023-02-22T15:56:20","guid":{"rendered":"https:\/\/worldmsday.org\/?page_id=31923"},"modified":"2023-04-20T18:03:03","modified_gmt":"2023-04-20T17:03:03","slug":"competencia-de-arte","status":"publish","type":"page","link":"https:\/\/worldmsday.org\/es\/competencia-de-arte\/","title":{"rendered":"Competencia de arte"},"content":{"rendered":"<div class=\"hero hero--left\">\n    <div class=\"hero__inner\">\n        <div class=\"hero__content\">\n            <h1>Competencia de arte<\/h1>\n<p>Desata tu creatividad para el D\u00eda Mundial del Esclerosis M\u00faltiple<\/p>\n                    <\/div>\n                    <div class=\"hero__media\">\n                <img loading=\"lazy\" decoding=\"async\" width=\"566\" height=\"600\" src=\"https:\/\/worldmsday.org\/wp-content\/themes\/worldmsday\/assets\/images\/placeholder.svg\" class=\"attachment-large size-large lazyload\" alt=\"\" sizes=\"auto, (max-width: 566px) 100vw, 566px\" data-src=\"https:\/\/worldmsday.org\/wp-content\/uploads\/2023\/03\/2023-Art-Competition-Banner_2-light-566x600.png\" data-srcset=\"https:\/\/worldmsday.org\/wp-content\/uploads\/2023\/03\/2023-Art-Competition-Banner_2-light-566x600.png 566w, https:\/\/worldmsday.org\/wp-content\/uploads\/2023\/03\/2023-Art-Competition-Banner_2-light-768x814.png 768w, https:\/\/worldmsday.org\/wp-content\/uploads\/2023\/03\/2023-Art-Competition-Banner_2-light.png 1042w\"><noscript><img loading=\"lazy\" decoding=\"async\" width=\"566\" height=\"600\" src=\"https:\/\/worldmsday.org\/wp-content\/uploads\/2023\/03\/2023-Art-Competition-Banner_2-light-566x600.png\" class=\"attachment-large size-large lazyload\" alt=\"\" sizes=\"auto, (max-width: 566px) 100vw, 566px\" srcset=\"https:\/\/worldmsday.org\/wp-content\/uploads\/2023\/03\/2023-Art-Competition-Banner_2-light-566x600.png 566w, https:\/\/worldmsday.org\/wp-content\/uploads\/2023\/03\/2023-Art-Competition-Banner_2-light-768x814.png 768w, https:\/\/worldmsday.org\/wp-content\/uploads\/2023\/03\/2023-Art-Competition-Banner_2-light.png 1042w\"><\/noscript>            <\/div>\n            <\/div>\n<\/div>\n\n<div class=\"wysiwyg__content--skinny\">\n<p>Desata tu creatividad este D\u00eda Mundial de la Esclerosis M\u00faltiple: participa en un concurso internacional de arte por la esclerosis m\u00faltiple. \ud83c\udfa8<\/p>\n<\/div>\n\n<div class=\"wysiwyg__content--skinny\">\n<h3 class=\"wp-block-heading\">Expr\u00e9sate<\/h3>\n<\/div>\n\n<div class=\"wysiwyg__content--skinny\">\n<p>Todos los medios art\u00edsticos son bienvenidos: pintura, fotograf\u00eda, ilustraci\u00f3n, escultura y mucho m\u00e1s. Los trabajos deben enviarse en formato digital para tener la oportunidad de figurar en nuestra galer\u00eda virtual del D\u00eda Mundial de la Esclerosis M\u00faltiple.<\/p>\n<\/div>\n\n<div class=\"wysiwyg__content--skinny\">\n<h3 class=\"wp-block-heading\">\u200e\u00bfCu\u00e1l es el tema?<\/h3>\n<\/div>\n\n<div class=\"wysiwyg__content--skinny\">\n<p>La competencia se basa en el tema <a href=\"https:\/\/worldmsday.org\/es\/acerca-de\/\">\u201cConexiones\u201d<\/a>. La campa\u00f1a MS&nbsp;Connections trata sobre conexiones comunitarias, conexi\u00f3n personal y conexiones para lograr una atenci\u00f3n de calidad. Expresa tus experiencias con la esclerosis m\u00faltiple y las conexiones que m\u00e1s te importan. Puedes presentar una obra de arte nueva o ya existente, siempre que corresponda al tema de MS Connections.<\/p>\n<\/div>\n\n<div class=\"wysiwyg__content--skinny\">\n<h3 class=\"wp-block-heading\">\u200e\u00bfQui\u00e9n puede participar?<\/h3>\n<\/div>\n\n<div class=\"wysiwyg__content--skinny\">\n<p>La competencia est\u00e1 abierta a todas las personas que viven con esclerosis m\u00faltiple o est\u00e1n afectadas por ella. Se aceptan obras de cualquier lugar. Los artistas deben ser mayores de 18 a\u00f1os. La participaci\u00f3n y la preselecci\u00f3n son gratuitas.<\/p>\n<\/div>\n\n<div class=\"wysiwyg__content--skinny\">\n<h3 class=\"wp-block-heading\">Premios de la competencia<\/h3>\n<\/div>\n\n<div class=\"wysiwyg__content--skinny\">\n<ul class=\"wp-block-list\">\n<li>Los trabajos presentados figurar\u00e1n en una galer\u00eda virtual del D\u00eda Mundial de la Esclerosis M\u00faltiple<\/li>\n\n\n\n<li>Los artistas preseleccionados recibir\u00e1n un certificado del D\u00eda Mundial de la Esclerosis M\u00faltiple<\/li>\n\n\n\n<li>Tres ganadores recibir\u00e1n un trofeo del D\u00eda Mundial de la Esclerosis M\u00faltiple<\/li>\n<\/ul>\n<\/div>\n\n<div class=\"wysiwyg__content--skinny\">\n<h3 class=\"wp-block-heading\">Fechas claves<\/h3>\n<\/div>\n\n<div class=\"wysiwyg__content--skinny\">\n<p><strong>Las inscripciones ya est\u00e1n abiertas<\/strong><\/p>\n<\/div>\n\n<div class=\"wysiwyg__content--skinny\">\n<p><strong>Cierre de inscripciones: lunes 15 de mayo<\/strong><\/p>\n<\/div>\n\n<div class=\"wysiwyg__content--skinny\">\n<h3 class=\"wp-block-heading\">Criterios de evaluaci\u00f3n<\/h3>\n<\/div>\n\n<div class=\"wysiwyg__content--skinny\">\n<p>Trabajamos con organizaciones de esclerosis m\u00faltiple para reunir a un jurado internacional formado por artistas afectados por la esclerosis m\u00faltiple. El jurado nos ayudar\u00e1 a preseleccionar 10 obras y a elegir a los ganadores. El 30 de mayo, D\u00eda Mundial de la Esclerosis M\u00faltiple, se anunciar\u00e1n tres afortunados ganadores, que recibir\u00e1n un trofeo conmemorativo.<\/p>\n<\/div>\n\n<div class=\"wysiwyg__content--skinny\">\n<p>Las obras se valorar\u00e1n en funci\u00f3n de los criterios siguientes:<\/p>\n<\/div>\n\n<div class=\"wysiwyg__content--skinny\">\n<ul class=\"wp-block-list\">\n<li>Pertinencia: \u00bfc\u00f3mo explora la obra de arte el tema de la campa\u00f1a y c\u00f3mo se relaciona con \u00e9l?<\/li>\n\n\n\n<li>Originalidad: la obra de arte es imaginativa, diferente o \u00fanica.<\/li>\n\n\n\n<li>Arte: \u00bfc\u00f3mo utiliza la obra de arte la creatividad y la t\u00e9cnica para expresar un significado?<\/li>\n<\/ul>\n<\/div>\n\n<div class=\"wysiwyg__content--skinny\">\n<h3 class=\"wp-block-heading\">Participa<\/h3>\n<\/div>\n\n<div class=\"wysiwyg__content--skinny\">\n<p>Utiliza el formulario siguiente para presentar una obra de arte a la competencia. Todos los participantes deben aceptar <a href=\"https:\/\/worldmsday.org\/es\/art-competition-terms-and-conditions\/\">los t\u00e9rminos y condiciones<\/a> para poder presentarse.<\/p>\n<\/div>\n\n<div class=\"wysiwyg__content--skinny\">\n<p>Todas las obras deber\u00e1n presentarse en formato digital. Se aceptar\u00e1 una imagen de alta resoluci\u00f3n en los formatos siguientes: JPEG, PNG. El archivo no debe superar los 20 MB. No se aceptar\u00e1n obras presentadas en cualquier otro formato.<\/p>\n<\/div>\n\n<div class=\"wysiwyg__content--skinny\">\n<p>Presenta solo obras creadas originales tuyas. Cada persona puede participar en el concurso una vez, con un m\u00e1ximo de tres obras si compartes una serie. Las obras se evaluar\u00e1n como una sola.<\/p>\n<\/div>\n\n<div class=\"wysiwyg__content--skinny\">\n<p>Si est\u00e1 compartiendo una fotograf\u00eda con una persona que no sea usted, incluya su consentimiento por escrito.<\/p>\n<\/div>\n\n<div class=\"wysiwyg__content--skinny\">\n<p>Presta atenci\u00f3n porque publicaremos las obras en nuestros canales sociales (@worldMSDay) en las pr\u00f3ximas semanas.<\/p>\n<\/div>\n\n<div class=\"wysiwyg__content--skinny\">\n<p>Comparte tus obras de arte en las redes sociales mediante los hashtags #WorldMSDayArt #ConexionesEM #D\u00edaMundialEsclerosisM\u00faltiple, etiqu\u00e9tanos en @WorldMSDay e invita a otros a participar.<\/p>\n<\/div>\n\n<div class=\"iframe\">\n    <div class=\"iframe__inner\">\n        <iframe loading=\"lazy\" src=\"https:\/\/form.jotform.com\/230795547838169\" width=\"100\" height=\"635\" frameborder=\"0\" allowfullscreen allow=\"fullscreen; geolocation\" scrolling=\"yes\"><\/iframe>\n    <\/div>\n<\/div>\n\n\n<div class=\"wysiwyg__content--skinny\">\n<h2 class=\"wp-block-heading\">\u200e\u00a1Volv\u00e1monos creativos!<\/h2>\n<\/div>","protected":false},"excerpt":{"rendered":"<p>Desata tu creatividad este D\u00eda Mundial de la Esclerosis M\u00faltiple: participa en un concurso internacional de arte por la esclerosis m\u00faltiple. \ud83c\udfa8 Expr\u00e9sate Todos los medios art\u00edsticos son bienvenidos: pintura, fotograf\u00eda, ilustraci\u00f3n, escultura y mucho m\u00e1s. Los trabajos deben enviarse en formato digital para tener la oportunidad de figurar en nuestra galer\u00eda virtual del D\u00eda [&hellip;]<\/p>\n","protected":false},"author":40,"featured_media":0,"parent":0,"menu_order":0,"comment_status":"closed","ping_status":"closed","template":"","meta":{"_acf_changed":false,"footnotes":""},"class_list":["post-31923","page","type-page","status-publish","hentry"],"acf":[],"yoast_head":"<!-- This site is optimized with the Yoast SEO plugin v27.4 - https:\/\/yoast.com\/product\/yoast-seo-wordpress\/ -->\n<title>Competencia de arte - D\u00eda Mundial de la EM<\/title>\n<meta name=\"robots\" content=\"index, follow, max-snippet:-1, max-image-preview:large, max-video-preview:-1\" \/>\n<link rel=\"canonical\" href=\"https:\/\/worldmsday.org\/es\/competencia-de-arte\/\" \/>\n<meta property=\"og:locale\" content=\"es_ES\" \/>\n<meta property=\"og:type\" content=\"article\" \/>\n<meta property=\"og:title\" content=\"Competencia de arte - D\u00eda Mundial de la EM\" \/>\n<meta property=\"og:description\" content=\"Desata tu creatividad este D\u00eda Mundial de la Esclerosis M\u00faltiple: participa en un concurso internacional de arte por la esclerosis m\u00faltiple. \ud83c\udfa8 Expr\u00e9sate Todos los medios art\u00edsticos son bienvenidos: pintura, fotograf\u00eda, ilustraci\u00f3n, escultura y mucho m\u00e1s. Los trabajos deben enviarse en formato digital para tener la oportunidad de figurar en nuestra galer\u00eda virtual del D\u00eda [&hellip;]\" \/>\n<meta property=\"og:url\" content=\"https:\/\/worldmsday.org\/es\/competencia-de-arte\/\" \/>\n<meta property=\"og:site_name\" content=\"D\u00eda Mundial de la EM\" \/>\n<meta property=\"article:publisher\" content=\"https:\/\/www.facebook.com\/worldmsday\" \/>\n<meta property=\"article:modified_time\" content=\"2023-04-20T17:03:03+00:00\" \/>\n<meta name=\"twitter:card\" content=\"summary_large_image\" \/>\n<meta name=\"twitter:site\" content=\"@WorldMSDay\" \/>\n<meta name=\"twitter:label1\" content=\"Tiempo de lectura\" \/>\n\t<meta name=\"twitter:data1\" content=\"3 minutos\" \/>\n<script type=\"application\/ld+json\" class=\"yoast-schema-graph\">{\"@context\":\"https:\\\/\\\/schema.org\",\"@graph\":[{\"@type\":\"WebPage\",\"@id\":\"https:\\\/\\\/worldmsday.org\\\/es\\\/competencia-de-arte\\\/\",\"url\":\"https:\\\/\\\/worldmsday.org\\\/es\\\/competencia-de-arte\\\/\",\"name\":\"Competencia de arte - D\u00eda Mundial de la EM\",\"isPartOf\":{\"@id\":\"https:\\\/\\\/worldmsday.org\\\/#website\"},\"datePublished\":\"2023-02-22T15:56:20+00:00\",\"dateModified\":\"2023-04-20T17:03:03+00:00\",\"breadcrumb\":{\"@id\":\"https:\\\/\\\/worldmsday.org\\\/es\\\/competencia-de-arte\\\/#breadcrumb\"},\"inLanguage\":\"es\",\"potentialAction\":[{\"@type\":\"ReadAction\",\"target\":[\"https:\\\/\\\/worldmsday.org\\\/es\\\/competencia-de-arte\\\/\"]}]},{\"@type\":\"BreadcrumbList\",\"@id\":\"https:\\\/\\\/worldmsday.org\\\/es\\\/competencia-de-arte\\\/#breadcrumb\",\"itemListElement\":[{\"@type\":\"ListItem\",\"position\":1,\"name\":\"Home\",\"item\":\"https:\\\/\\\/worldmsday.org\\\/es\\\/\"},{\"@type\":\"ListItem\",\"position\":2,\"name\":\"Competencia de arte\"}]},{\"@type\":\"WebSite\",\"@id\":\"https:\\\/\\\/worldmsday.org\\\/#website\",\"url\":\"https:\\\/\\\/worldmsday.org\\\/\",\"name\":\"D\u00eda Mundial de la EM\",\"description\":\"30 de mayo de 2020\",\"potentialAction\":[{\"@type\":\"SearchAction\",\"target\":{\"@type\":\"EntryPoint\",\"urlTemplate\":\"https:\\\/\\\/worldmsday.org\\\/?s={search_term_string}\"},\"query-input\":{\"@type\":\"PropertyValueSpecification\",\"valueRequired\":true,\"valueName\":\"search_term_string\"}}],\"inLanguage\":\"es\"}]}<\/script>\n<!-- \/ Yoast SEO plugin. -->","yoast_head_json":{"title":"Competencia de arte - D\u00eda Mundial de la EM","robots":{"index":"index","follow":"follow","max-snippet":"max-snippet:-1","max-image-preview":"max-image-preview:large","max-video-preview":"max-video-preview:-1"},"canonical":"https:\/\/worldmsday.org\/es\/competencia-de-arte\/","og_locale":"es_ES","og_type":"article","og_title":"Competencia de arte - D\u00eda Mundial de la EM","og_description":"Desata tu creatividad este D\u00eda Mundial de la Esclerosis M\u00faltiple: participa en un concurso internacional de arte por la esclerosis m\u00faltiple. \ud83c\udfa8 Expr\u00e9sate Todos los medios art\u00edsticos son bienvenidos: pintura, fotograf\u00eda, ilustraci\u00f3n, escultura y mucho m\u00e1s. Los trabajos deben enviarse en formato digital para tener la oportunidad de figurar en nuestra galer\u00eda virtual del D\u00eda [&hellip;]","og_url":"https:\/\/worldmsday.org\/es\/competencia-de-arte\/","og_site_name":"D\u00eda Mundial de la EM","article_publisher":"https:\/\/www.facebook.com\/worldmsday","article_modified_time":"2023-04-20T17:03:03+00:00","twitter_card":"summary_large_image","twitter_site":"@WorldMSDay","twitter_misc":{"Tiempo de lectura":"3 minutos"},"schema":{"@context":"https:\/\/schema.org","@graph":[{"@type":"WebPage","@id":"https:\/\/worldmsday.org\/es\/competencia-de-arte\/","url":"https:\/\/worldmsday.org\/es\/competencia-de-arte\/","name":"Competencia de arte - D\u00eda Mundial de la EM","isPartOf":{"@id":"https:\/\/worldmsday.org\/#website"},"datePublished":"2023-02-22T15:56:20+00:00","dateModified":"2023-04-20T17:03:03+00:00","breadcrumb":{"@id":"https:\/\/worldmsday.org\/es\/competencia-de-arte\/#breadcrumb"},"inLanguage":"es","potentialAction":[{"@type":"ReadAction","target":["https:\/\/worldmsday.org\/es\/competencia-de-arte\/"]}]},{"@type":"BreadcrumbList","@id":"https:\/\/worldmsday.org\/es\/competencia-de-arte\/#breadcrumb","itemListElement":[{"@type":"ListItem","position":1,"name":"Home","item":"https:\/\/worldmsday.org\/es\/"},{"@type":"ListItem","position":2,"name":"Competencia de arte"}]},{"@type":"WebSite","@id":"https:\/\/worldmsday.org\/#website","url":"https:\/\/worldmsday.org\/","name":"D\u00eda Mundial de la EM","description":"30 de mayo de 2020","potentialAction":[{"@type":"SearchAction","target":{"@type":"EntryPoint","urlTemplate":"https:\/\/worldmsday.org\/?s={search_term_string}"},"query-input":{"@type":"PropertyValueSpecification","valueRequired":true,"valueName":"search_term_string"}}],"inLanguage":"es"}]}},"_links":{"self":[{"href":"https:\/\/worldmsday.org\/es\/wp-json\/wp\/v2\/pages\/31923","targetHints":{"allow":["GET"]}}],"collection":[{"href":"https:\/\/worldmsday.org\/es\/wp-json\/wp\/v2\/pages"}],"about":[{"href":"https:\/\/worldmsday.org\/es\/wp-json\/wp\/v2\/types\/page"}],"author":[{"embeddable":true,"href":"https:\/\/worldmsday.org\/es\/wp-json\/wp\/v2\/users\/40"}],"replies":[{"embeddable":true,"href":"https:\/\/worldmsday.org\/es\/wp-json\/wp\/v2\/comments?post=31923"}],"version-history":[{"count":0,"href":"https:\/\/worldmsday.org\/es\/wp-json\/wp\/v2\/pages\/31923\/revisions"}],"wp:attachment":[{"href":"https:\/\/worldmsday.org\/es\/wp-json\/wp\/v2\/media?parent=31923"}],"curies":[{"name":"wp","href":"https:\/\/api.w.org\/{rel}","templated":true}]}}