{"id":29092,"date":"2021-04-06T17:09:21","date_gmt":"2021-04-06T16:09:21","guid":{"rendered":"https:\/\/worldmsday.org\/world-ms-day-2021-webinar\/"},"modified":"2022-03-17T11:34:31","modified_gmt":"2022-03-17T11:34:31","slug":"world-ms-day-webinar-2022","status":"publish","type":"page","link":"https:\/\/worldmsday.org\/es\/world-ms-day-webinar-2022\/","title":{"rendered":"World MS Day 2022 webinar"},"content":{"rendered":"<div class=\"hero hero--left\">\n    <div class=\"hero__inner\">\n        <div class=\"hero__content\">\n            <h2>Webinario del D\u00eda Mundial de la Esclerosis M\u00faltiple<\/h2>\n<p>Descubra el conjunto de herramientas para la campa\u00f1a,\u00a0 acompa\u00f1anos en la premier del video de la campa\u00f1a de 2022 y vea la informaci\u00f3n sobre el movimiento mundial de la esclerosis m\u00faltiple.<\/p>\n                    <\/div>\n                    <div class=\"hero__media\">\n                <img loading=\"lazy\" decoding=\"async\" width=\"500\" height=\"530\" src=\"https:\/\/worldmsday.org\/wp-content\/themes\/worldmsday\/assets\/images\/placeholder.svg\" class=\"attachment-large size-large lazyload\" alt=\"\" data-src=\"https:\/\/worldmsday.org\/wp-content\/uploads\/2020\/04\/TakeAction_page_TakeAction_Advocate.png\"><noscript><img loading=\"lazy\" decoding=\"async\" width=\"500\" height=\"530\" src=\"https:\/\/worldmsday.org\/wp-content\/uploads\/2020\/04\/TakeAction_page_TakeAction_Advocate.png\" class=\"attachment-large size-large lazyload\" alt=\"\"><\/noscript>            <\/div>\n            <\/div>\n<\/div>\n\n<div class=\"wysiwyg__content--skinny\">\n<p>\u00danate a nosotros el jueves 07 de Abril de 13:00 a 14:00 (hora de Londres BST) para un webinario de Conexiones EM. Para inscribirte llena el formulario a continuaci\u00f3n. El webinario contar\u00e1 con un servicio de interpretaci\u00f3n en vivo al espa\u00f1ol, \u00e1rabe y ingl\u00e9s ser\u00e1 gratuito para los participantes.<\/p>\n<\/div>\n\n<div class=\"wysiwyg__content--skinny\">\n<p>Este webinario est\u00e1 dirigido al personal y a los voluntarios de las organizaciones de esclerosis m\u00faltiple. En particular, recomendamos que asistan todos aquellos que estan organizando las actividades del D\u00eda Mundial de la Esclerosis M\u00faltiple.<\/p>\n<\/div>\n\n<div class=\"iframe\">\n    <div class=\"iframe__inner\">\n        <iframe loading=\"lazy\" src=\"https:\/\/form.jotform.com\/210962248909362\" width=\"100%\" height=\"635px\" frameborder=\"0\" allowfullscreen allow=\"fullscreen; geolocation \" scrolling=\"yes\"><\/iframe>\n    <\/div>\n<\/div>\n\n\n<div class=\"wysiwyg__content--skinny\">\n<p>Si tiene alguna pregunta sobre el seminario web, puede enviar un correo electr\u00f3nico a worldmsday@msif.org.<\/p>\n<\/div>","protected":false},"excerpt":{"rendered":"<p>\u00danate a nosotros el jueves 07 de Abril de 13:00 a 14:00 (hora de Londres BST) para un webinario de Conexiones EM. Para inscribirte llena el formulario a continuaci\u00f3n. El webinario contar\u00e1 con un servicio de interpretaci\u00f3n en vivo al espa\u00f1ol, \u00e1rabe y ingl\u00e9s ser\u00e1 gratuito para los participantes. Este webinario est\u00e1 dirigido al personal [&hellip;]<\/p>\n","protected":false},"author":40,"featured_media":0,"parent":0,"menu_order":0,"comment_status":"closed","ping_status":"closed","template":"","meta":{"_acf_changed":false,"footnotes":""},"class_list":["post-29092","page","type-page","status-publish","hentry"],"acf":[],"yoast_head":"<!-- This site is optimized with the Yoast SEO plugin v27.5 - https:\/\/yoast.com\/product\/yoast-seo-wordpress\/ -->\n<title>World MS Day 2022 webinar - D\u00eda Mundial de la EM<\/title>\n<meta name=\"robots\" content=\"index, follow, max-snippet:-1, max-image-preview:large, max-video-preview:-1\" \/>\n<link rel=\"canonical\" href=\"https:\/\/worldmsday.org\/es\/world-ms-day-webinar-2022\/\" \/>\n<meta property=\"og:locale\" content=\"es_ES\" \/>\n<meta property=\"og:type\" content=\"article\" \/>\n<meta property=\"og:title\" content=\"World MS Day 2022 webinar - D\u00eda Mundial de la EM\" \/>\n<meta property=\"og:description\" content=\"\u00danate a nosotros el jueves 07 de Abril de 13:00 a 14:00 (hora de Londres BST) para un webinario de Conexiones EM. Para inscribirte llena el formulario a continuaci\u00f3n. El webinario contar\u00e1 con un servicio de interpretaci\u00f3n en vivo al espa\u00f1ol, \u00e1rabe y ingl\u00e9s ser\u00e1 gratuito para los participantes. Este webinario est\u00e1 dirigido al personal [&hellip;]\" \/>\n<meta property=\"og:url\" content=\"https:\/\/worldmsday.org\/es\/world-ms-day-webinar-2022\/\" \/>\n<meta property=\"og:site_name\" content=\"D\u00eda Mundial de la EM\" \/>\n<meta property=\"article:publisher\" content=\"https:\/\/www.facebook.com\/worldmsday\" \/>\n<meta property=\"article:modified_time\" content=\"2022-03-17T11:34:31+00:00\" \/>\n<meta name=\"twitter:card\" content=\"summary_large_image\" \/>\n<meta name=\"twitter:site\" content=\"@WorldMSDay\" \/>\n<meta name=\"twitter:label1\" content=\"Tiempo de lectura\" \/>\n\t<meta name=\"twitter:data1\" content=\"1 minuto\" \/>\n<script type=\"application\/ld+json\" class=\"yoast-schema-graph\">{\"@context\":\"https:\\\/\\\/schema.org\",\"@graph\":[{\"@type\":\"WebPage\",\"@id\":\"https:\\\/\\\/worldmsday.org\\\/es\\\/world-ms-day-webinar-2022\\\/\",\"url\":\"https:\\\/\\\/worldmsday.org\\\/es\\\/world-ms-day-webinar-2022\\\/\",\"name\":\"World MS Day 2022 webinar - D\u00eda Mundial de la EM\",\"isPartOf\":{\"@id\":\"https:\\\/\\\/worldmsday.org\\\/#website\"},\"datePublished\":\"2021-04-06T16:09:21+00:00\",\"dateModified\":\"2022-03-17T11:34:31+00:00\",\"breadcrumb\":{\"@id\":\"https:\\\/\\\/worldmsday.org\\\/es\\\/world-ms-day-webinar-2022\\\/#breadcrumb\"},\"inLanguage\":\"es\",\"potentialAction\":[{\"@type\":\"ReadAction\",\"target\":[\"https:\\\/\\\/worldmsday.org\\\/es\\\/world-ms-day-webinar-2022\\\/\"]}]},{\"@type\":\"BreadcrumbList\",\"@id\":\"https:\\\/\\\/worldmsday.org\\\/es\\\/world-ms-day-webinar-2022\\\/#breadcrumb\",\"itemListElement\":[{\"@type\":\"ListItem\",\"position\":1,\"name\":\"Home\",\"item\":\"https:\\\/\\\/worldmsday.org\\\/es\\\/\"},{\"@type\":\"ListItem\",\"position\":2,\"name\":\"World MS Day 2022 webinar\"}]},{\"@type\":\"WebSite\",\"@id\":\"https:\\\/\\\/worldmsday.org\\\/#website\",\"url\":\"https:\\\/\\\/worldmsday.org\\\/\",\"name\":\"D\u00eda Mundial de la EM\",\"description\":\"30 de mayo de 2020\",\"potentialAction\":[{\"@type\":\"SearchAction\",\"target\":{\"@type\":\"EntryPoint\",\"urlTemplate\":\"https:\\\/\\\/worldmsday.org\\\/?s={search_term_string}\"},\"query-input\":{\"@type\":\"PropertyValueSpecification\",\"valueRequired\":true,\"valueName\":\"search_term_string\"}}],\"inLanguage\":\"es\"}]}<\/script>\n<!-- \/ Yoast SEO plugin. -->","yoast_head_json":{"title":"World MS Day 2022 webinar - D\u00eda Mundial de la EM","robots":{"index":"index","follow":"follow","max-snippet":"max-snippet:-1","max-image-preview":"max-image-preview:large","max-video-preview":"max-video-preview:-1"},"canonical":"https:\/\/worldmsday.org\/es\/world-ms-day-webinar-2022\/","og_locale":"es_ES","og_type":"article","og_title":"World MS Day 2022 webinar - D\u00eda Mundial de la EM","og_description":"\u00danate a nosotros el jueves 07 de Abril de 13:00 a 14:00 (hora de Londres BST) para un webinario de Conexiones EM. Para inscribirte llena el formulario a continuaci\u00f3n. El webinario contar\u00e1 con un servicio de interpretaci\u00f3n en vivo al espa\u00f1ol, \u00e1rabe y ingl\u00e9s ser\u00e1 gratuito para los participantes. Este webinario est\u00e1 dirigido al personal [&hellip;]","og_url":"https:\/\/worldmsday.org\/es\/world-ms-day-webinar-2022\/","og_site_name":"D\u00eda Mundial de la EM","article_publisher":"https:\/\/www.facebook.com\/worldmsday","article_modified_time":"2022-03-17T11:34:31+00:00","twitter_card":"summary_large_image","twitter_site":"@WorldMSDay","twitter_misc":{"Tiempo de lectura":"1 minuto"},"schema":{"@context":"https:\/\/schema.org","@graph":[{"@type":"WebPage","@id":"https:\/\/worldmsday.org\/es\/world-ms-day-webinar-2022\/","url":"https:\/\/worldmsday.org\/es\/world-ms-day-webinar-2022\/","name":"World MS Day 2022 webinar - D\u00eda Mundial de la EM","isPartOf":{"@id":"https:\/\/worldmsday.org\/#website"},"datePublished":"2021-04-06T16:09:21+00:00","dateModified":"2022-03-17T11:34:31+00:00","breadcrumb":{"@id":"https:\/\/worldmsday.org\/es\/world-ms-day-webinar-2022\/#breadcrumb"},"inLanguage":"es","potentialAction":[{"@type":"ReadAction","target":["https:\/\/worldmsday.org\/es\/world-ms-day-webinar-2022\/"]}]},{"@type":"BreadcrumbList","@id":"https:\/\/worldmsday.org\/es\/world-ms-day-webinar-2022\/#breadcrumb","itemListElement":[{"@type":"ListItem","position":1,"name":"Home","item":"https:\/\/worldmsday.org\/es\/"},{"@type":"ListItem","position":2,"name":"World MS Day 2022 webinar"}]},{"@type":"WebSite","@id":"https:\/\/worldmsday.org\/#website","url":"https:\/\/worldmsday.org\/","name":"D\u00eda Mundial de la EM","description":"30 de mayo de 2020","potentialAction":[{"@type":"SearchAction","target":{"@type":"EntryPoint","urlTemplate":"https:\/\/worldmsday.org\/?s={search_term_string}"},"query-input":{"@type":"PropertyValueSpecification","valueRequired":true,"valueName":"search_term_string"}}],"inLanguage":"es"}]}},"_links":{"self":[{"href":"https:\/\/worldmsday.org\/es\/wp-json\/wp\/v2\/pages\/29092","targetHints":{"allow":["GET"]}}],"collection":[{"href":"https:\/\/worldmsday.org\/es\/wp-json\/wp\/v2\/pages"}],"about":[{"href":"https:\/\/worldmsday.org\/es\/wp-json\/wp\/v2\/types\/page"}],"author":[{"embeddable":true,"href":"https:\/\/worldmsday.org\/es\/wp-json\/wp\/v2\/users\/40"}],"replies":[{"embeddable":true,"href":"https:\/\/worldmsday.org\/es\/wp-json\/wp\/v2\/comments?post=29092"}],"version-history":[{"count":0,"href":"https:\/\/worldmsday.org\/es\/wp-json\/wp\/v2\/pages\/29092\/revisions"}],"wp:attachment":[{"href":"https:\/\/worldmsday.org\/es\/wp-json\/wp\/v2\/media?parent=29092"}],"curies":[{"name":"wp","href":"https:\/\/api.w.org\/{rel}","templated":true}]}}