{"id":22805,"date":"2020-04-21T16:24:32","date_gmt":"2020-04-21T15:24:32","guid":{"rendered":"https:\/\/wmsd2020.wpengine.com\/map\/"},"modified":"2025-04-14T22:53:16","modified_gmt":"2025-04-14T21:53:16","slug":"mapa","status":"publish","type":"page","link":"https:\/\/worldmsday.org\/es\/mapa\/","title":{"rendered":"Mapa del D\u00eda Mundial de la EM"},"content":{"rendered":"<div class=\"hero hero--left\">\n    <div class=\"hero__inner\">\n        <div class=\"hero__content\">\n            <h2>Mapa del D\u00eda Mundial de la EM<\/h2>\n<p>\u00a1Insp\u00edrate y comparte tus actividades con el mundo!<\/p>\n                    <\/div>\n                    <div class=\"hero__media\">\n                <img loading=\"lazy\" decoding=\"async\" width=\"566\" height=\"600\" src=\"https:\/\/worldmsday.org\/wp-content\/themes\/worldmsday\/assets\/images\/placeholder.svg\" class=\"attachment-large size-large lazyload\" alt=\"\" sizes=\"auto, (max-width: 566px) 100vw, 566px\" data-src=\"https:\/\/worldmsday.org\/wp-content\/uploads\/2024\/03\/Web_Hero-150dpi_Map-566x600.png\" data-srcset=\"https:\/\/worldmsday.org\/wp-content\/uploads\/2024\/03\/Web_Hero-150dpi_Map-566x600.png 566w, https:\/\/worldmsday.org\/wp-content\/uploads\/2024\/03\/Web_Hero-150dpi_Map-768x814.png 768w, https:\/\/worldmsday.org\/wp-content\/uploads\/2024\/03\/Web_Hero-150dpi_Map.png 1042w\"><noscript><img loading=\"lazy\" decoding=\"async\" width=\"566\" height=\"600\" src=\"https:\/\/worldmsday.org\/wp-content\/uploads\/2024\/03\/Web_Hero-150dpi_Map-566x600.png\" class=\"attachment-large size-large lazyload\" alt=\"\" sizes=\"auto, (max-width: 566px) 100vw, 566px\" srcset=\"https:\/\/worldmsday.org\/wp-content\/uploads\/2024\/03\/Web_Hero-150dpi_Map-566x600.png 566w, https:\/\/worldmsday.org\/wp-content\/uploads\/2024\/03\/Web_Hero-150dpi_Map-768x814.png 768w, https:\/\/worldmsday.org\/wp-content\/uploads\/2024\/03\/Web_Hero-150dpi_Map.png 1042w\"><\/noscript>            <\/div>\n            <\/div>\n<\/div>\n\n<div class=\"wysiwyg__content--skinny\">\n<p>Despl\u00e1zate hacia abajo para descubrir todas las formas en que puedes utilizar el mapa.<\/p>\n<\/div>\n\n<div class=\"iframe\">\n    <div class=\"iframe__inner\">\n        <iframe loading=\"lazy\" src=\"https:\/\/viewer.mapme.com\/world-ms-day-2025-map\" width=\"100%\" height=\"635px\" frameborder=\"0\" allowfullscreen allow=\"fullscreen; geolocation\" scrolling=\"no\"><\/iframe>\n    <\/div>\n<\/div>\n\n\n<div class=\"wysiwyg__content--skinny\">\n<h3 class=\"wp-block-heading\">Mira a la comunidad mundial de la EM en acci\u00f3n y comparte:<\/h3>\n<\/div>\n\n<div class=\"wysiwyg__content--skinny\">\n<h3 class=\"wp-block-heading\">Una actividad<\/h3>\n<\/div>\n\n<div class=\"wysiwyg__content--skinny\">\n<p>Todo es bienvenido, desde eventos <em>flashmobs<\/em>, actividades para recaudar fondos, conciertos, conferencias, talleres y podcasts. \u00a1Comparte hoy tus actividades para el D\u00eda Mundial de la Esclerosis M\u00faltiple!<\/p>\n<\/div>\n\n<div class=\"wysiwyg__content--skinny\">\n<h3 class=\"wp-block-heading\">Una foto del Coraz\u00f3n de la EM<\/h3>\n<\/div>\n\n<div class=\"wysiwyg__content--skinny\">\n<p>El Coraz\u00f3n de la EM es un s\u00edmbolo de solidaridad con todas las personas afectadas por la EM. Este a\u00f1o organizamos el <a href=\"https:\/\/worldmsday.org\/es\/desafios-de-ms-heart\/\">Desaf\u00edo \u2018Coraz\u00f3n de la EM\u2019<\/a>, en el que puedes mostrar tu apoyo compartiendo un Coraz\u00f3n de la EM en alg\u00fan lugar especial. Puede ser junto a un monumento nacional, un lugar favorito de tu localidad o durante un acontecimiento importante. Los mejores env\u00edos recibir\u00e1n un Certificado del D\u00eda Mundial de la EM. Para participar solo tienes que subir la foto de tu Coraz\u00f3n de la EM al mapa que aparece m\u00e1s arriba.<\/p>\n<\/div>\n\n<div class=\"wysiwyg__content--skinny\">\n<h3 class=\"wp-block-heading\">Comparte la historia de tu diagn\u00f3stico<\/h3>\n<\/div>\n\n<div class=\"wysiwyg__content--skinny\">\n<p>Cada diagn\u00f3stico tiene su propia historia y queremos conocer la tuya. Uno de los enfoques de la campa\u00f1a \u2018Mi diagn\u00f3stico de Esclerosis M\u00faltiple\u2019 es sensibilizar y generar solidaridad mediante el intercambio de experiencias. Tanto si te acaban de diagnosticar EM como si llevas a\u00f1os viviendo con ella, tu experiencia puede informar, motivar y resonar en otras personas afectadas por la EM.<\/p>\n<\/div>\n\n<div class=\"wysiwyg__content--skinny\">\n<h3 class=\"wp-block-heading\">Difusi\u00f3n en los medios de comunicaci\u00f3n<\/h3>\n<\/div>\n\n<div class=\"wysiwyg__content--skinny\">\n<p>\u00bfSer\u00e1s noticia este D\u00eda Mundial de la EM? \u00a1Comparte tu logro con la prensa aqu\u00ed!<\/p>\n<\/div>\n\n<div class=\"wysiwyg__content--skinny\">\n<p><strong>Aceptamos contribuciones en todos los idiomas.<\/strong><\/p>\n<\/div>","protected":false},"excerpt":{"rendered":"<p>Despl\u00e1zate hacia abajo para descubrir todas las formas en que puedes utilizar el mapa. Mira a la comunidad mundial de la EM en acci\u00f3n y comparte: Una actividad Todo es bienvenido, desde eventos flashmobs, actividades para recaudar fondos, conciertos, conferencias, talleres y podcasts. \u00a1Comparte hoy tus actividades para el D\u00eda Mundial de la Esclerosis M\u00faltiple! [&hellip;]<\/p>\n","protected":false},"author":40,"featured_media":0,"parent":0,"menu_order":0,"comment_status":"closed","ping_status":"closed","template":"","meta":{"_acf_changed":true,"footnotes":""},"class_list":["post-22805","page","type-page","status-publish","hentry"],"acf":[],"yoast_head":"<!-- This site is optimized with the Yoast SEO plugin v27.5 - https:\/\/yoast.com\/product\/yoast-seo-wordpress\/ -->\n<title>Mapa del D\u00eda Mundial de la EM - D\u00eda Mundial de la EM<\/title>\n<meta name=\"robots\" content=\"index, follow, max-snippet:-1, max-image-preview:large, max-video-preview:-1\" \/>\n<link rel=\"canonical\" href=\"https:\/\/worldmsday.org\/es\/mapa\/\" \/>\n<meta property=\"og:locale\" content=\"es_ES\" \/>\n<meta property=\"og:type\" content=\"article\" \/>\n<meta property=\"og:title\" content=\"Mapa del D\u00eda Mundial de la EM - D\u00eda Mundial de la EM\" \/>\n<meta property=\"og:description\" content=\"Despl\u00e1zate hacia abajo para descubrir todas las formas en que puedes utilizar el mapa. Mira a la comunidad mundial de la EM en acci\u00f3n y comparte: Una actividad Todo es bienvenido, desde eventos flashmobs, actividades para recaudar fondos, conciertos, conferencias, talleres y podcasts. \u00a1Comparte hoy tus actividades para el D\u00eda Mundial de la Esclerosis M\u00faltiple! [&hellip;]\" \/>\n<meta property=\"og:url\" content=\"https:\/\/worldmsday.org\/es\/mapa\/\" \/>\n<meta property=\"og:site_name\" content=\"D\u00eda Mundial de la EM\" \/>\n<meta property=\"article:publisher\" content=\"https:\/\/www.facebook.com\/worldmsday\" \/>\n<meta property=\"article:modified_time\" content=\"2025-04-14T21:53:16+00:00\" \/>\n<meta name=\"twitter:card\" content=\"summary_large_image\" \/>\n<meta name=\"twitter:site\" content=\"@WorldMSDay\" \/>\n<meta name=\"twitter:label1\" content=\"Tiempo de lectura\" \/>\n\t<meta name=\"twitter:data1\" content=\"2 minutos\" \/>\n<script type=\"application\/ld+json\" class=\"yoast-schema-graph\">{\"@context\":\"https:\\\/\\\/schema.org\",\"@graph\":[{\"@type\":\"WebPage\",\"@id\":\"https:\\\/\\\/worldmsday.org\\\/es\\\/mapa\\\/\",\"url\":\"https:\\\/\\\/worldmsday.org\\\/es\\\/mapa\\\/\",\"name\":\"Mapa del D\u00eda Mundial de la EM - D\u00eda Mundial de la EM\",\"isPartOf\":{\"@id\":\"https:\\\/\\\/worldmsday.org\\\/#website\"},\"datePublished\":\"2020-04-21T15:24:32+00:00\",\"dateModified\":\"2025-04-14T21:53:16+00:00\",\"breadcrumb\":{\"@id\":\"https:\\\/\\\/worldmsday.org\\\/es\\\/mapa\\\/#breadcrumb\"},\"inLanguage\":\"es\",\"potentialAction\":[{\"@type\":\"ReadAction\",\"target\":[\"https:\\\/\\\/worldmsday.org\\\/es\\\/mapa\\\/\"]}]},{\"@type\":\"BreadcrumbList\",\"@id\":\"https:\\\/\\\/worldmsday.org\\\/es\\\/mapa\\\/#breadcrumb\",\"itemListElement\":[{\"@type\":\"ListItem\",\"position\":1,\"name\":\"Home\",\"item\":\"https:\\\/\\\/worldmsday.org\\\/es\\\/\"},{\"@type\":\"ListItem\",\"position\":2,\"name\":\"Mapa del D\u00eda Mundial de la EM\"}]},{\"@type\":\"WebSite\",\"@id\":\"https:\\\/\\\/worldmsday.org\\\/#website\",\"url\":\"https:\\\/\\\/worldmsday.org\\\/\",\"name\":\"D\u00eda Mundial de la EM\",\"description\":\"30 de mayo de 2020\",\"potentialAction\":[{\"@type\":\"SearchAction\",\"target\":{\"@type\":\"EntryPoint\",\"urlTemplate\":\"https:\\\/\\\/worldmsday.org\\\/?s={search_term_string}\"},\"query-input\":{\"@type\":\"PropertyValueSpecification\",\"valueRequired\":true,\"valueName\":\"search_term_string\"}}],\"inLanguage\":\"es\"}]}<\/script>\n<!-- \/ Yoast SEO plugin. -->","yoast_head_json":{"title":"Mapa del D\u00eda Mundial de la EM - D\u00eda Mundial de la EM","robots":{"index":"index","follow":"follow","max-snippet":"max-snippet:-1","max-image-preview":"max-image-preview:large","max-video-preview":"max-video-preview:-1"},"canonical":"https:\/\/worldmsday.org\/es\/mapa\/","og_locale":"es_ES","og_type":"article","og_title":"Mapa del D\u00eda Mundial de la EM - D\u00eda Mundial de la EM","og_description":"Despl\u00e1zate hacia abajo para descubrir todas las formas en que puedes utilizar el mapa. Mira a la comunidad mundial de la EM en acci\u00f3n y comparte: Una actividad Todo es bienvenido, desde eventos flashmobs, actividades para recaudar fondos, conciertos, conferencias, talleres y podcasts. \u00a1Comparte hoy tus actividades para el D\u00eda Mundial de la Esclerosis M\u00faltiple! [&hellip;]","og_url":"https:\/\/worldmsday.org\/es\/mapa\/","og_site_name":"D\u00eda Mundial de la EM","article_publisher":"https:\/\/www.facebook.com\/worldmsday","article_modified_time":"2025-04-14T21:53:16+00:00","twitter_card":"summary_large_image","twitter_site":"@WorldMSDay","twitter_misc":{"Tiempo de lectura":"2 minutos"},"schema":{"@context":"https:\/\/schema.org","@graph":[{"@type":"WebPage","@id":"https:\/\/worldmsday.org\/es\/mapa\/","url":"https:\/\/worldmsday.org\/es\/mapa\/","name":"Mapa del D\u00eda Mundial de la EM - D\u00eda Mundial de la EM","isPartOf":{"@id":"https:\/\/worldmsday.org\/#website"},"datePublished":"2020-04-21T15:24:32+00:00","dateModified":"2025-04-14T21:53:16+00:00","breadcrumb":{"@id":"https:\/\/worldmsday.org\/es\/mapa\/#breadcrumb"},"inLanguage":"es","potentialAction":[{"@type":"ReadAction","target":["https:\/\/worldmsday.org\/es\/mapa\/"]}]},{"@type":"BreadcrumbList","@id":"https:\/\/worldmsday.org\/es\/mapa\/#breadcrumb","itemListElement":[{"@type":"ListItem","position":1,"name":"Home","item":"https:\/\/worldmsday.org\/es\/"},{"@type":"ListItem","position":2,"name":"Mapa del D\u00eda Mundial de la EM"}]},{"@type":"WebSite","@id":"https:\/\/worldmsday.org\/#website","url":"https:\/\/worldmsday.org\/","name":"D\u00eda Mundial de la EM","description":"30 de mayo de 2020","potentialAction":[{"@type":"SearchAction","target":{"@type":"EntryPoint","urlTemplate":"https:\/\/worldmsday.org\/?s={search_term_string}"},"query-input":{"@type":"PropertyValueSpecification","valueRequired":true,"valueName":"search_term_string"}}],"inLanguage":"es"}]}},"_links":{"self":[{"href":"https:\/\/worldmsday.org\/es\/wp-json\/wp\/v2\/pages\/22805","targetHints":{"allow":["GET"]}}],"collection":[{"href":"https:\/\/worldmsday.org\/es\/wp-json\/wp\/v2\/pages"}],"about":[{"href":"https:\/\/worldmsday.org\/es\/wp-json\/wp\/v2\/types\/page"}],"author":[{"embeddable":true,"href":"https:\/\/worldmsday.org\/es\/wp-json\/wp\/v2\/users\/40"}],"replies":[{"embeddable":true,"href":"https:\/\/worldmsday.org\/es\/wp-json\/wp\/v2\/comments?post=22805"}],"version-history":[{"count":0,"href":"https:\/\/worldmsday.org\/es\/wp-json\/wp\/v2\/pages\/22805\/revisions"}],"wp:attachment":[{"href":"https:\/\/worldmsday.org\/es\/wp-json\/wp\/v2\/media?parent=22805"}],"curies":[{"name":"wp","href":"https:\/\/api.w.org\/{rel}","templated":true}]}}